{"id":6490,"date":"2025-12-14T19:16:34","date_gmt":"2025-12-14T18:16:34","guid":{"rendered":"https:\/\/www.sammelpunkt.ch\/?page_id=6490"},"modified":"2025-12-22T01:34:24","modified_gmt":"2025-12-22T00:34:24","slug":"monatsaktionjanuar26","status":"publish","type":"page","link":"https:\/\/www.sammelpunkt.ch\/index.php\/monatsaktionjanuar26\/","title":{"rendered":"MonatsAktionJanuar26"},"content":{"rendered":"\t\t<div data-elementor-type=\"wp-page\" data-elementor-id=\"6490\" class=\"elementor elementor-6490\" data-elementor-post-type=\"page\">\n\t\t\t\t<div class=\"elementor-element elementor-element-ab6a6c9 e-con-full e-flex e-con e-parent\" data-id=\"ab6a6c9\" data-element_type=\"container\">\n\t\t\t\t<div class=\"elementor-element elementor-element-cff9b59 elementor-widget elementor-widget-heading\" data-id=\"cff9b59\" data-element_type=\"widget\" data-widget_type=\"heading.default\">\n\t\t\t\t<div class=\"elementor-widget-container\">\n\t\t\t<h2 class=\"elementor-heading-title elementor-size-default\">Rabatt 25% auf alle Science Fiction nur im Januar 26<\/h2>\t\t<\/div>\n\t\t\t\t<\/div>\n\t\t\t\t<\/div>\n\t\t<div class=\"elementor-element elementor-element-5c88424 e-con-full e-flex e-con e-parent\" data-id=\"5c88424\" data-element_type=\"container\">\n\t\t\t\t<div class=\"elementor-element elementor-element-9f49f8d elementor-widget elementor-widget-text-editor\" data-id=\"9f49f8d\" data-element_type=\"widget\" data-widget_type=\"text-editor.default\">\n\t\t\t\t<div class=\"elementor-widget-container\">\n\t\t\t\t\t\t\t<p>\n<table id=\"tablepress-4\" class=\"tablepress tablepress-id-4\">\n<tbody class=\"row-striping row-hover\">\n<tr class=\"row-1\">\n\t<td class=\"column-1\">Monatsaktion Januar 2026<\/td><td class=\"column-2\">auf alle Science Fiction, Fantasy und Horror<\/td><td class=\"column-3\">Rabatt: 25%<\/td>\n<\/tr>\n<tr class=\"row-2\">\n\t<td class=\"column-1\"><img fetchpriority=\"high\" decoding=\"async\" src=\"https:\/\/www.sammelpunkt.ch\/wp-content\/uploads\/2025\/12\/Scan_20250626-64-204x300.png\" alt=\"\" width=\"204\" height=\"300\" class=\"alignnone size-medium wp-image-6412\" \/><\/td><td class=\"column-2\"><img decoding=\"async\" src=\"https:\/\/www.sammelpunkt.ch\/wp-content\/uploads\/2025\/12\/Scan_20250626-18-177x300.png\" alt=\"\" width=\"177\" height=\"300\" class=\"alignnone size-medium wp-image-6406\" \/><\/td><td class=\"column-3\"><img decoding=\"async\" src=\"https:\/\/www.sammelpunkt.ch\/wp-content\/uploads\/2025\/12\/Scan_20250626-47-189x300.png\" alt=\"\" width=\"189\" height=\"300\" class=\"alignnone size-medium wp-image-6413\" \/><\/td>\n<\/tr>\n<\/tbody>\n<\/table>\n<!-- #tablepress-4 from cache --><\/p>\t\t\t\t\t\t<\/div>\n\t\t\t\t<\/div>\n\t\t\t\t<\/div>\n\t\t<div class=\"elementor-element elementor-element-8b56801 e-grid e-con-boxed e-con e-parent\" data-id=\"8b56801\" data-element_type=\"container\">\n\t\t\t\t\t<div class=\"e-con-inner\">\n\t\t\t\t<div class=\"elementor-element elementor-element-fc5621f elementor-widget elementor-widget-text-editor\" data-id=\"fc5621f\" data-element_type=\"widget\" data-widget_type=\"text-editor.default\">\n\t\t\t\t<div class=\"elementor-widget-container\">\n\t\t\t\t\t\t\t<p>25% auf alle Science Fiction, Fantasy und Horror. Wir f\u00fchren Erstauflagen, limitierte B\u00fccher, Taschenb\u00fccher und Romanhefte.<\/p>\t\t\t\t\t\t<\/div>\n\t\t\t\t<\/div>\n\t\t\t\t\t<\/div>\n\t\t\t\t<\/div>\n\t\t\t\t<\/div>\n\t\t","protected":false},"excerpt":{"rendered":"<p>Rabatt 25% auf alle Science Fiction nur im Januar 26 25% auf alle Science Fiction, Fantasy und Horror. Wir f\u00fchren Erstauflagen, limitierte B\u00fccher, Taschenb\u00fccher und Romanhefte.<\/p>\n","protected":false},"author":1,"featured_media":0,"parent":0,"menu_order":0,"comment_status":"closed","ping_status":"closed","template":"elementor_header_footer","meta":{"footnotes":""},"class_list":["post-6490","page","type-page","status-publish","hentry"],"_links":{"self":[{"href":"https:\/\/www.sammelpunkt.ch\/index.php\/wp-json\/wp\/v2\/pages\/6490","targetHints":{"allow":["GET"]}}],"collection":[{"href":"https:\/\/www.sammelpunkt.ch\/index.php\/wp-json\/wp\/v2\/pages"}],"about":[{"href":"https:\/\/www.sammelpunkt.ch\/index.php\/wp-json\/wp\/v2\/types\/page"}],"author":[{"embeddable":true,"href":"https:\/\/www.sammelpunkt.ch\/index.php\/wp-json\/wp\/v2\/users\/1"}],"replies":[{"embeddable":true,"href":"https:\/\/www.sammelpunkt.ch\/index.php\/wp-json\/wp\/v2\/comments?post=6490"}],"version-history":[{"count":13,"href":"https:\/\/www.sammelpunkt.ch\/index.php\/wp-json\/wp\/v2\/pages\/6490\/revisions"}],"predecessor-version":[{"id":6607,"href":"https:\/\/www.sammelpunkt.ch\/index.php\/wp-json\/wp\/v2\/pages\/6490\/revisions\/6607"}],"wp:attachment":[{"href":"https:\/\/www.sammelpunkt.ch\/index.php\/wp-json\/wp\/v2\/media?parent=6490"}],"curies":[{"name":"wp","href":"https:\/\/api.w.org\/{rel}","templated":true}]}}