{"id":5797,"date":"2025-08-12T16:00:40","date_gmt":"2025-08-12T14:00:40","guid":{"rendered":"https:\/\/www.sammelpunkt.ch\/?page_id=5797"},"modified":"2026-02-10T15:48:09","modified_gmt":"2026-02-10T14:48:09","slug":"dienstleistung","status":"publish","type":"page","link":"https:\/\/www.sammelpunkt.ch\/index.php\/dienstleistung\/","title":{"rendered":"Dienstleistung"},"content":{"rendered":"\t\t<div data-elementor-type=\"wp-page\" data-elementor-id=\"5797\" class=\"elementor elementor-5797\" data-elementor-post-type=\"page\">\n\t\t\t\t<div class=\"elementor-element elementor-element-226ccf7 e-flex e-con-boxed e-con e-parent\" data-id=\"226ccf7\" data-element_type=\"container\">\n\t\t\t\t\t<div class=\"e-con-inner\">\n\t\t\t\t<div class=\"elementor-element elementor-element-4218531 elementor-widget elementor-widget-text-editor\" data-id=\"4218531\" data-element_type=\"widget\" data-widget_type=\"text-editor.default\">\n\t\t\t\t<div class=\"elementor-widget-container\">\n\t\t\t\t\t\t\t<p><span class=\"description\">Neben dem Ankauf und Verkauf bieten wir noch eine Reihe von Dienstleistungen f\u00fcr Leser und Sammler an:<\/span><\/p><table class=\"standardtable1\"><tbody><tr><th>Sanfte Renovation<\/th><td>Die sanfte Renovation von Sammelobjekten ist eine Frage der Erfahrung. Aus unserer t\u00e4glichen Arbeit kennen wir die Techniken und Tricks, wie man aus einem durchschnittlichen Teil mit relativ wenig Aufwand das Aussehen deutlich verbessern kann.<br \/>Wir haben leider nicht dir M\u00f6glichkeit, eine Buchbinderwerkstatt zu betreiben. F\u00fcr die wirklich aufwendigen Arbeiten m\u00fcssen wir Sie deshalb an die vielen Buchbinder verweisen. Wir beraten Sie gerne. Die Kosten sind von Fall zu Fall verschieden und richten sich nach dem Aufwand.<\/td><\/tr><tr><th>Sch\u00e4tzungen<\/th><td>Was ist Ihre Sammlung wert und ist sie gen\u00fcgen versichert? Es gibt in der Schweiz nur wenige Spezialisten, die in der Lage sind Sammlungen im Bereich Trivialliteratur seri\u00f6s einzusch\u00e4tzen.<br \/>Die meisten Versicherer sind in diesem Bereich \u00fcberfordert und es ist unbedingt n\u00f6tig, ihren Versicherer auf die spezielle Situation hinzuweisen. Wir kennen das aus eigener Erfahrung.<br \/>Wir k\u00f6nnen diese Dienstleistung anbieten. Die Kosten richten sich nach dem Wert der Sammlung oder nach Aufwand. Auf Anfrage geben wir ihnen gerne Auskunft.<\/td><\/tr><tr><th>Suchlisten<\/th><td>Ihre Anfragen werden gesammelt und regelm\u00e4ssig \u00fcberarbeitet. Finden wir ein Objekt aus ihrer Liste, erhalten Sie ein Email oder einen Anruf. Wir bevorzugen Email aus Gr\u00fcnden der Erreichbarkeit und auch wegen der Kosten. Bitte teilen Sie uns Aenderungen so schnell wie m\u00f6glich mit.<\/td><\/tr><tr><th>Versand<\/th><td>Wir nehmen gerne auch telefonische Bestellungen entgegen und der Versand ist auch kein Problem. Die Kosten richten sich nach den Postgeb\u00fchren. Die Art der Zahlung machen wir von Fall zu Fall ab. Rufen Sie uns an oder senden Sie uns ein Email.<\/td><\/tr><tr><th>Ankauf<\/th><td><p>Wir kaufen Comics, B\u00fccher und anderes Material an<br \/><strong>Was kaufen wir an?<\/strong> Wir kaufen Einzelst\u00fccke und ganze Sammlungen.<br \/><strong>Was bezahlen wir?<\/strong> Wir nennen keine Preise ohne das entsprechende Teil gesehen zu haben.Generell gilt Barzahlung oder Gutschrift. Die Preise richten sich nach dem Zustand und der aktuellen Marktsituation. Wir nehmen besondere St\u00fccke auch in Kommission.<\/p><p><strong>Wir nehmen:<\/strong><\/p><ul><li>Comics in den Sprachen: Deutsch, Englisch, Franz\u00f6sisch und Italienisch (andere Sprachen auf Anfrage).<\/li><li>Comicfiguren (Disney, Superhelden, Trading Figures, usw)<\/li><li>Orginalzeichnungen<\/li><li>Poster<\/li><li>Drucke<\/li><li>Timpos und Elastolin-Figuren<\/li><li>Science Fiction -, Fantasy und Horror-Literatur in allen Formen: Taschenb\u00fccher, Romanhefte, gebundene B\u00fccher, Leihb\u00fccher etc.<\/li><li>Pulps<\/li><li>Western und Krimis in Deutsch, TB, HC, etc.<\/li><li>Kinder- und Jugenb\u00fccher in Deutscher Sprache. Besonders gerne sehen wir illustrierte Geschichten.<\/li><li>Playboys in Deutsch und Englisch<\/li><li>Erotische Literatur und Magazine in Deutsch, Englisch und Franz\u00f6sisch<\/li><li>Okkulte Literatur und Sachb\u00fccher zum Thema in Deutsch und Englisch<\/li><li>Panini-Einklebealben zu Fussball, Film oder Science Fiction<\/li><\/ul><\/td><\/tr><\/tbody><\/table>\t\t\t\t\t\t<\/div>\n\t\t\t\t<\/div>\n\t\t\t\t\t<\/div>\n\t\t\t\t<\/div>\n\t\t\t\t<\/div>\n\t\t","protected":false},"excerpt":{"rendered":"<p>Neben dem Ankauf und Verkauf bieten wir noch eine Reihe von Dienstleistungen f\u00fcr Leser und Sammler an: Sanfte Renovation Die sanfte Renovation von Sammelobjekten ist eine Frage der Erfahrung. Aus unserer t\u00e4glichen Arbeit kennen wir die Techniken und Tricks, wie man aus einem durchschnittlichen Teil mit relativ wenig Aufwand das Aussehen deutlich verbessern kann.Wir haben [&hellip;]<\/p>\n","protected":false},"author":1,"featured_media":0,"parent":0,"menu_order":0,"comment_status":"closed","ping_status":"closed","template":"","meta":{"footnotes":""},"class_list":["post-5797","page","type-page","status-publish","hentry"],"_links":{"self":[{"href":"https:\/\/www.sammelpunkt.ch\/index.php\/wp-json\/wp\/v2\/pages\/5797","targetHints":{"allow":["GET"]}}],"collection":[{"href":"https:\/\/www.sammelpunkt.ch\/index.php\/wp-json\/wp\/v2\/pages"}],"about":[{"href":"https:\/\/www.sammelpunkt.ch\/index.php\/wp-json\/wp\/v2\/types\/page"}],"author":[{"embeddable":true,"href":"https:\/\/www.sammelpunkt.ch\/index.php\/wp-json\/wp\/v2\/users\/1"}],"replies":[{"embeddable":true,"href":"https:\/\/www.sammelpunkt.ch\/index.php\/wp-json\/wp\/v2\/comments?post=5797"}],"version-history":[{"count":13,"href":"https:\/\/www.sammelpunkt.ch\/index.php\/wp-json\/wp\/v2\/pages\/5797\/revisions"}],"predecessor-version":[{"id":6703,"href":"https:\/\/www.sammelpunkt.ch\/index.php\/wp-json\/wp\/v2\/pages\/5797\/revisions\/6703"}],"wp:attachment":[{"href":"https:\/\/www.sammelpunkt.ch\/index.php\/wp-json\/wp\/v2\/media?parent=5797"}],"curies":[{"name":"wp","href":"https:\/\/api.w.org\/{rel}","templated":true}]}}